{"id":1154,"date":"2021-12-30T17:01:35","date_gmt":"2021-12-30T20:01:35","guid":{"rendered":"http:\/\/localhost\/01-iustech\/wordpress\/?page_id=1154"},"modified":"2026-01-16T17:28:12","modified_gmt":"2026-01-16T21:28:12","slug":"sucessorio","status":"publish","type":"page","link":"https:\/\/laccoimbra.adv.br\/advocacia\/sucessorio\/","title":{"rendered":"Sucess\u00f3rio"},"content":{"rendered":"\t\t<div data-elementor-type=\"wp-post\" data-elementor-id=\"1154\" class=\"elementor elementor-1154\" data-elementor-settings=\"[]\">\n\t\t\t\t\t\t\t<div class=\"elementor-section-wrap\">\n\t\t\t\t\t\t\t<section class=\"elementor-section elementor-top-section elementor-element elementor-element-945ba98 elementor-section-content-middle elementor-reverse-tablet elementor-reverse-mobile elementor-section-boxed elementor-section-height-default elementor-section-height-default\" data-id=\"945ba98\" data-element_type=\"section\" id=\"dirtech\" data-settings=\"{&quot;background_background&quot;:&quot;classic&quot;}\">\n\t\t\t\t\t\t\t<div class=\"elementor-background-overlay\"><\/div>\n\t\t\t\t\t\t\t<div class=\"elementor-container elementor-column-gap-no\">\n\t\t\t\t\t<div class=\"elementor-column elementor-col-100 elementor-top-column elementor-element elementor-element-062db5c\" data-id=\"062db5c\" data-element_type=\"column\">\n\t\t\t<div class=\"elementor-widget-wrap elementor-element-populated\">\n\t\t\t\t\t\t\t\t<div class=\"elementor-element elementor-element-8a70a1a elementor-widget elementor-widget-heading\" data-id=\"8a70a1a\" data-element_type=\"widget\" data-widget_type=\"heading.default\">\n\t\t\t\t<div class=\"elementor-widget-container\">\n\t\t\t<style>\/*! elementor - v3.5.3 - 28-12-2021 *\/\n.elementor-heading-title{padding:0;margin:0;line-height:1}.elementor-widget-heading .elementor-heading-title[class*=elementor-size-]>a{color:inherit;font-size:inherit;line-height:inherit}.elementor-widget-heading .elementor-heading-title.elementor-size-small{font-size:15px}.elementor-widget-heading .elementor-heading-title.elementor-size-medium{font-size:19px}.elementor-widget-heading .elementor-heading-title.elementor-size-large{font-size:29px}.elementor-widget-heading .elementor-heading-title.elementor-size-xl{font-size:39px}.elementor-widget-heading .elementor-heading-title.elementor-size-xxl{font-size:59px}<\/style><h2 class=\"elementor-heading-title elementor-size-default\">direito sucess\u00f3rio<\/h2>\t\t<\/div>\n\t\t\t\t<\/div>\n\t\t\t\t<div class=\"elementor-element elementor-element-49c3cd3 elementor-widget-divider--view-line elementor-widget elementor-widget-divider\" data-id=\"49c3cd3\" data-element_type=\"widget\" data-widget_type=\"divider.default\">\n\t\t\t\t<div class=\"elementor-widget-container\">\n\t\t\t<style>\/*! elementor - v3.5.3 - 28-12-2021 *\/\n.elementor-widget-divider{--divider-border-style:none;--divider-border-width:1px;--divider-color:#2c2c2c;--divider-icon-size:20px;--divider-element-spacing:10px;--divider-pattern-height:24px;--divider-pattern-size:20px;--divider-pattern-url:none;--divider-pattern-repeat:repeat-x}.elementor-widget-divider .elementor-divider{display:-webkit-box;display:-ms-flexbox;display:flex}.elementor-widget-divider .elementor-divider__text{font-size:15px;line-height:1;max-width:95%}.elementor-widget-divider .elementor-divider__element{margin:0 var(--divider-element-spacing);-ms-flex-negative:0;flex-shrink:0}.elementor-widget-divider .elementor-icon{font-size:var(--divider-icon-size)}.elementor-widget-divider .elementor-divider-separator{display:-webkit-box;display:-ms-flexbox;display:flex;margin:0;direction:ltr}.elementor-widget-divider--view-line_icon .elementor-divider-separator,.elementor-widget-divider--view-line_text .elementor-divider-separator{-webkit-box-align:center;-ms-flex-align:center;align-items:center}.elementor-widget-divider--view-line_icon .elementor-divider-separator:after,.elementor-widget-divider--view-line_icon .elementor-divider-separator:before,.elementor-widget-divider--view-line_text .elementor-divider-separator:after,.elementor-widget-divider--view-line_text .elementor-divider-separator:before{display:block;content:\"\";border-bottom:0;-webkit-box-flex:1;-ms-flex-positive:1;flex-grow:1;border-top:var(--divider-border-width) var(--divider-border-style) var(--divider-color)}.elementor-widget-divider--element-align-left .elementor-divider .elementor-divider-separator>.elementor-divider__svg:first-of-type{-webkit-box-flex:0;-ms-flex-positive:0;flex-grow:0;-ms-flex-negative:100;flex-shrink:100}.elementor-widget-divider--element-align-left .elementor-divider-separator:before{content:none}.elementor-widget-divider--element-align-left .elementor-divider__element{margin-left:0}.elementor-widget-divider--element-align-right .elementor-divider .elementor-divider-separator>.elementor-divider__svg:last-of-type{-webkit-box-flex:0;-ms-flex-positive:0;flex-grow:0;-ms-flex-negative:100;flex-shrink:100}.elementor-widget-divider--element-align-right .elementor-divider-separator:after{content:none}.elementor-widget-divider--element-align-right .elementor-divider__element{margin-right:0}.elementor-widget-divider:not(.elementor-widget-divider--view-line_text):not(.elementor-widget-divider--view-line_icon) .elementor-divider-separator{border-top:var(--divider-border-width) var(--divider-border-style) var(--divider-color)}.elementor-widget-divider--separator-type-pattern{--divider-border-style:none}.elementor-widget-divider--separator-type-pattern.elementor-widget-divider--view-line .elementor-divider-separator,.elementor-widget-divider--separator-type-pattern:not(.elementor-widget-divider--view-line) .elementor-divider-separator:after,.elementor-widget-divider--separator-type-pattern:not(.elementor-widget-divider--view-line) .elementor-divider-separator:before,.elementor-widget-divider--separator-type-pattern:not([class*=elementor-widget-divider--view]) .elementor-divider-separator{width:100%;min-height:var(--divider-pattern-height);-webkit-mask-size:var(--divider-pattern-size) 100%;mask-size:var(--divider-pattern-size) 100%;-webkit-mask-repeat:var(--divider-pattern-repeat);mask-repeat:var(--divider-pattern-repeat);background-color:var(--divider-color);-webkit-mask-image:var(--divider-pattern-url);mask-image:var(--divider-pattern-url)}.elementor-widget-divider--no-spacing{--divider-pattern-size:auto}.elementor-widget-divider--bg-round{--divider-pattern-repeat:round}.rtl .elementor-widget-divider .elementor-divider__text{direction:rtl}<\/style>\t\t<div class=\"elementor-divider\">\n\t\t\t<span class=\"elementor-divider-separator\">\n\t\t\t\t\t\t<\/span>\n\t\t<\/div>\n\t\t\t\t<\/div>\n\t\t\t\t<\/div>\n\t\t\t\t\t<\/div>\n\t\t<\/div>\n\t\t\t\t\t\t\t<\/div>\n\t\t<\/section>\n\t\t\t\t<section class=\"elementor-section elementor-top-section elementor-element elementor-element-dfbb738 elementor-section-content-top elementor-section-boxed elementor-section-height-default elementor-section-height-default\" data-id=\"dfbb738\" data-element_type=\"section\" data-settings=\"{&quot;background_background&quot;:&quot;slideshow&quot;,&quot;background_slideshow_gallery&quot;:[],&quot;background_slideshow_loop&quot;:&quot;yes&quot;,&quot;background_slideshow_slide_duration&quot;:5000,&quot;background_slideshow_slide_transition&quot;:&quot;fade&quot;,&quot;background_slideshow_transition_duration&quot;:500}\">\n\t\t\t\t\t\t\t<div class=\"elementor-background-overlay\"><\/div>\n\t\t\t\t\t\t\t<div class=\"elementor-container elementor-column-gap-no\">\n\t\t\t\t\t<div class=\"elementor-column elementor-col-100 elementor-top-column elementor-element elementor-element-a00996a\" data-id=\"a00996a\" data-element_type=\"column\">\n\t\t\t<div class=\"elementor-widget-wrap elementor-element-populated\">\n\t\t\t\t\t\t\t\t<div class=\"elementor-element elementor-element-96a79f2 elementor-widget-divider--view-line elementor-widget elementor-widget-divider\" data-id=\"96a79f2\" data-element_type=\"widget\" data-widget_type=\"divider.default\">\n\t\t\t\t<div class=\"elementor-widget-container\">\n\t\t\t\t\t<div class=\"elementor-divider\">\n\t\t\t<span class=\"elementor-divider-separator\">\n\t\t\t\t\t\t<\/span>\n\t\t<\/div>\n\t\t\t\t<\/div>\n\t\t\t\t<\/div>\n\t\t\t\t<section class=\"elementor-section elementor-inner-section elementor-element elementor-element-90956de elementor-section-content-top elementor-section-boxed elementor-section-height-default elementor-section-height-default\" data-id=\"90956de\" data-element_type=\"section\">\n\t\t\t\t\t\t<div class=\"elementor-container elementor-column-gap-no\">\n\t\t\t\t\t<div class=\"elementor-column elementor-col-50 elementor-inner-column elementor-element elementor-element-75e1b0e\" data-id=\"75e1b0e\" data-element_type=\"column\">\n\t\t\t<div class=\"elementor-widget-wrap elementor-element-populated\">\n\t\t\t\t\t\t\t\t<div class=\"elementor-element elementor-element-c156c25 elementor-widget elementor-widget-image\" data-id=\"c156c25\" data-element_type=\"widget\" data-widget_type=\"image.default\">\n\t\t\t\t<div class=\"elementor-widget-container\">\n\t\t\t<style>\/*! elementor - v3.5.3 - 28-12-2021 *\/\n.elementor-widget-image{text-align:center}.elementor-widget-image a{display:inline-block}.elementor-widget-image a img[src$=\".svg\"]{width:48px}.elementor-widget-image img{vertical-align:middle;display:inline-block}<\/style>\t\t\t\t\t\t\t\t\t\t\t\t<img width=\"500\" height=\"182\" src=\"https:\/\/laccoimbra.adv.br\/advocacia\/wp-content\/uploads\/2022\/01\/ImgCallPageSuc.jpg\" class=\"attachment-full size-full\" alt=\"\" loading=\"lazy\" \/>\t\t\t\t\t\t\t\t\t\t\t\t\t\t\t<\/div>\n\t\t\t\t<\/div>\n\t\t\t\t<div class=\"elementor-element elementor-element-91d569c elementor-widget-divider--view-line elementor-widget elementor-widget-divider\" data-id=\"91d569c\" data-element_type=\"widget\" data-widget_type=\"divider.default\">\n\t\t\t\t<div class=\"elementor-widget-container\">\n\t\t\t\t\t<div class=\"elementor-divider\">\n\t\t\t<span class=\"elementor-divider-separator\">\n\t\t\t\t\t\t<\/span>\n\t\t<\/div>\n\t\t\t\t<\/div>\n\t\t\t\t<\/div>\n\t\t\t\t<div class=\"elementor-element elementor-element-f449c37 elementor-widget elementor-widget-heading\" data-id=\"f449c37\" data-element_type=\"widget\" data-widget_type=\"heading.default\">\n\t\t\t\t<div class=\"elementor-widget-container\">\n\t\t\t<h6 class=\"elementor-heading-title elementor-size-default\">utilizamos nossa Plataforma de desenvolvimento pr\u00f3prio em prol das <br>intera\u00e7\u00f5es clientes-advogado bem como para disponibilizar <br>o acompanhamento do andamento processual.<\/h6>\t\t<\/div>\n\t\t\t\t<\/div>\n\t\t\t\t\t<\/div>\n\t\t<\/div>\n\t\t\t\t<div class=\"elementor-column elementor-col-50 elementor-inner-column elementor-element elementor-element-ea5956f\" data-id=\"ea5956f\" data-element_type=\"column\">\n\t\t\t<div class=\"elementor-widget-wrap elementor-element-populated\">\n\t\t\t\t\t\t\t\t<div class=\"elementor-element elementor-element-a34eff5 elementor-widget elementor-widget-heading\" data-id=\"a34eff5\" data-element_type=\"widget\" data-widget_type=\"heading.default\">\n\t\t\t\t<div class=\"elementor-widget-container\">\n\t\t\t<h4 class=\"elementor-heading-title elementor-size-default\">transpar\u00eancia gera seguran\u00e7a, seguran\u00e7a gera paz.<\/h4>\t\t<\/div>\n\t\t\t\t<\/div>\n\t\t\t\t<div class=\"elementor-element elementor-element-1872833 elementor-drop-cap-yes elementor-drop-cap-view-default elementor-widget elementor-widget-text-editor\" data-id=\"1872833\" data-element_type=\"widget\" data-settings=\"{&quot;drop_cap&quot;:&quot;yes&quot;}\" data-widget_type=\"text-editor.default\">\n\t\t\t\t<div class=\"elementor-widget-container\">\n\t\t\t<style>\/*! elementor - v3.5.3 - 28-12-2021 *\/\n.elementor-widget-text-editor.elementor-drop-cap-view-stacked .elementor-drop-cap{background-color:#818a91;color:#fff}.elementor-widget-text-editor.elementor-drop-cap-view-framed .elementor-drop-cap{color:#818a91;border:3px solid;background-color:transparent}.elementor-widget-text-editor:not(.elementor-drop-cap-view-default) .elementor-drop-cap{margin-top:8px}.elementor-widget-text-editor:not(.elementor-drop-cap-view-default) .elementor-drop-cap-letter{width:1em;height:1em}.elementor-widget-text-editor .elementor-drop-cap{float:left;text-align:center;line-height:1;font-size:50px}.elementor-widget-text-editor .elementor-drop-cap-letter{display:inline-block}<\/style>\t\t\t\t<p>Existem v\u00e1rios momentos cr\u00edticos que lamentavelmente temos que passar em nossa exist\u00eancia, ocasi\u00f5es estas que muitas vezes nos \u00e9 tirado o ch\u00e3o que pisamos.&nbsp;<\/p>\n<p>Mas a vida continua e as vezes a omiss\u00e3o ou o excesso de a\u00e7\u00f5es conturbam ainda mais estes momentos. A sucess\u00e3o heredit\u00e1ria se encaixa em uma destas situa\u00e7\u00f5es. Percebemos que uma forma de amenizar as eventuais adversidades que decorrem nestes momentos, consiste no tratamento muito transparente desta quest\u00e3o.&nbsp;<\/p>\n<p>Conforme j\u00e1 dito, com o tempo percebemos que a transpar\u00eancia bem como o uso de nossa plataforma on-line para o r\u00e1pido tratamento e esclarecimento das d\u00favidas e mitos que existem nestes momentos, tornam a condu\u00e7\u00e3o legal e emocional do processo sucess\u00f3rio mais l\u00edmpido e tranquilo.&nbsp;<\/p>\n<p>Outro ponto que tamb\u00e9m corrobora com o bom andamento desta quest\u00e3o judicial, tem sido a aplica\u00e7\u00e3o dos m\u00e9todos e t\u00e9cnicas adquiridas na participa\u00e7\u00e3o no curso de especializa\u00e7\u00e3o em media\u00e7\u00e3o e concilia\u00e7\u00e3o judicial nos padr\u00f5es do CNJ.&nbsp; Mais a frente abordamos esta quest\u00e3o com mais detalhes.&nbsp;<\/p><p><span style=\"font-style: inherit; font-weight: inherit; background-color: var(--ast-global-color-4); color: var(--ast-global-color-3);\">A advocacia moderna e inovativa procura aplicar todos os meios tecnol\u00f3gicos e t\u00e9cnico-comportamentais dispon\u00edveis para o efetivo e satisfat\u00f3rio atendimento do cliente em face da quest\u00e3o processual.&nbsp;<\/span><span style=\"font-style: inherit; font-weight: inherit; color: var(--ast-global-color-3); background-color: var(--ast-global-color-4);\">O processo sucess\u00f3rio est\u00e1 frequentemente associado a momentos de elevada sensibilidade emocional e complexidade jur\u00eddica. A perda de um ente familiar, somada \u00e0s implica\u00e7\u00f5es patrimoniais e legais, pode gerar inseguran\u00e7a, conflitos e desgaste entre os envolvidos, especialmente quando h\u00e1 omiss\u00f5es, informa\u00e7\u00f5es imprecisas ou condu\u00e7\u00e3o inadequada do procedimento.<\/span><\/p>\n<p data-start=\"690\" data-end=\"998\">Nesse contexto, a <strong data-start=\"708\" data-end=\"761\">transpar\u00eancia na condu\u00e7\u00e3o da sucess\u00e3o heredit\u00e1ria<\/strong> assume papel central. O acesso claro \u00e0s informa\u00e7\u00f5es, a correta orienta\u00e7\u00e3o jur\u00eddica e a previsibilidade dos atos processuais contribuem para reduzir conflitos, mitigar desentendimentos e proporcionar maior seguran\u00e7a \u00e0s partes envolvidas.<\/p>\n<p data-start=\"1000\" data-end=\"1396\">A utiliza\u00e7\u00e3o de meios tecnol\u00f3gicos para organiza\u00e7\u00e3o, acompanhamento e esclarecimento das etapas do processo sucess\u00f3rio tem se mostrado instrumento relevante para tornar o procedimento mais compreens\u00edvel, objetivo e eficiente. A informa\u00e7\u00e3o acess\u00edvel e estruturada permite que herdeiros e interessados compreendam direitos, deveres e limites legais, reduzindo incertezas e expectativas equivocadas.<\/p>\n<p data-start=\"1398\" data-end=\"1818\">Outro fator relevante para a condu\u00e7\u00e3o equilibrada das demandas sucess\u00f3rias \u00e9 a aplica\u00e7\u00e3o de <strong data-start=\"1490\" data-end=\"1537\">m\u00e9todos adequados de resolu\u00e7\u00e3o de conflitos<\/strong>, especialmente aqueles voltados \u00e0 media\u00e7\u00e3o e \u00e0 concilia\u00e7\u00e3o. A ado\u00e7\u00e3o dessas t\u00e9cnicas, alinhadas \u00e0s diretrizes do <span class=\"hover:entity-accent entity-underline inline cursor-pointer align-baseline\">Conselho Nacional de Justi\u00e7a<\/span>, favorece o di\u00e1logo, preserva rela\u00e7\u00f5es familiares e contribui para solu\u00e7\u00f5es juridicamente v\u00e1lidas e socialmente mais harmoniosas.<\/p>\n<p data-start=\"1820\" data-end=\"2152\">A atua\u00e7\u00e3o no Direito Sucess\u00f3rio, sob essa perspectiva, busca integrar t\u00e9cnica jur\u00eddica, transpar\u00eancia procedimental e instrumentos contempor\u00e2neos de gest\u00e3o do conflito, com o objetivo de proporcionar <strong data-start=\"2020\" data-end=\"2091\">seguran\u00e7a jur\u00eddica, equil\u00edbrio emocional e pacifica\u00e7\u00e3o das rela\u00e7\u00f5es<\/strong>, valores essenciais para a adequada supera\u00e7\u00e3o desse momento.<\/p>\n<p><\/p>\t\t\t\t\t\t<\/div>\n\t\t\t\t<\/div>\n\t\t\t\t\t<\/div>\n\t\t<\/div>\n\t\t\t\t\t\t\t<\/div>\n\t\t<\/section>\n\t\t\t\t<div class=\"elementor-element elementor-element-844d132 elementor-align-center elementor-widget elementor-widget-button\" data-id=\"844d132\" data-element_type=\"widget\" data-widget_type=\"button.default\">\n\t\t\t\t<div class=\"elementor-widget-container\">\n\t\t\t\t\t<div class=\"elementor-button-wrapper\">\n\t\t\t<a href=\"https:\/\/laccoimbra.adv.br\/advocacia\/\" class=\"elementor-button-link elementor-button elementor-size-xs elementor-animation-shrink\" role=\"button\">\n\t\t\t\t\t\t<span class=\"elementor-button-content-wrapper\">\n\t\t\t\t\t\t<span class=\"elementor-button-icon elementor-align-icon-right\">\n\t\t\t\t<i aria-hidden=\"true\" class=\"fas fa-reply\"><\/i>\t\t\t<\/span>\n\t\t\t\t\t\t<span class=\"elementor-button-text\">Voltar<\/span>\n\t\t<\/span>\n\t\t\t\t\t<\/a>\n\t\t<\/div>\n\t\t\t\t<\/div>\n\t\t\t\t<\/div>\n\t\t\t\t\t<\/div>\n\t\t<\/div>\n\t\t\t\t\t\t\t<\/div>\n\t\t<\/section>\n\t\t\t\t\t\t<\/div>\n\t\t\t\t\t<\/div>\n\t\t","protected":false},"excerpt":{"rendered":"<p>direito sucess\u00f3rio utilizamos nossa Plataforma de desenvolvimento pr\u00f3prio em prol das intera\u00e7\u00f5es clientes-advogado bem como para disponibilizar o acompanhamento do andamento processual. transpar\u00eancia gera seguran\u00e7a, seguran\u00e7a gera paz. Existem v\u00e1rios momentos cr\u00edticos que lamentavelmente temos que passar em nossa exist\u00eancia, ocasi\u00f5es estas que muitas vezes nos \u00e9 tirado o ch\u00e3o que pisamos.&nbsp; Mas a vida &hellip;<\/p>\n<p class=\"read-more\"> <a class=\"\" href=\"https:\/\/laccoimbra.adv.br\/advocacia\/sucessorio\/\"> <span class=\"screen-reader-text\">Sucess\u00f3rio<\/span> Leia mais &raquo;<\/a><\/p>\n","protected":false},"author":1,"featured_media":0,"parent":0,"menu_order":0,"comment_status":"closed","ping_status":"closed","template":"","meta":{"site-sidebar-layout":"no-sidebar","site-content-layout":"page-builder","ast-main-header-display":"","ast-hfb-above-header-display":"","ast-hfb-below-header-display":"","ast-hfb-mobile-header-display":"","site-post-title":"disabled","ast-breadcrumbs-content":"disabled","ast-featured-img":"disabled","footer-sml-layout":"","theme-transparent-header-meta":"enabled","adv-header-id-meta":"","stick-header-meta":"","header-above-stick-meta":"","header-main-stick-meta":"","header-below-stick-meta":""},"_links":{"self":[{"href":"https:\/\/laccoimbra.adv.br\/advocacia\/wp-json\/wp\/v2\/pages\/1154"}],"collection":[{"href":"https:\/\/laccoimbra.adv.br\/advocacia\/wp-json\/wp\/v2\/pages"}],"about":[{"href":"https:\/\/laccoimbra.adv.br\/advocacia\/wp-json\/wp\/v2\/types\/page"}],"author":[{"embeddable":true,"href":"https:\/\/laccoimbra.adv.br\/advocacia\/wp-json\/wp\/v2\/users\/1"}],"replies":[{"embeddable":true,"href":"https:\/\/laccoimbra.adv.br\/advocacia\/wp-json\/wp\/v2\/comments?post=1154"}],"version-history":[{"count":67,"href":"https:\/\/laccoimbra.adv.br\/advocacia\/wp-json\/wp\/v2\/pages\/1154\/revisions"}],"predecessor-version":[{"id":2242,"href":"https:\/\/laccoimbra.adv.br\/advocacia\/wp-json\/wp\/v2\/pages\/1154\/revisions\/2242"}],"wp:attachment":[{"href":"https:\/\/laccoimbra.adv.br\/advocacia\/wp-json\/wp\/v2\/media?parent=1154"}],"curies":[{"name":"wp","href":"https:\/\/api.w.org\/{rel}","templated":true}]}}