{"id":1160,"date":"2021-12-30T17:02:59","date_gmt":"2021-12-30T20:02:59","guid":{"rendered":"http:\/\/localhost\/01-iustech\/wordpress\/?page_id=1160"},"modified":"2026-01-16T17:14:27","modified_gmt":"2026-01-16T21:14:27","slug":"direito-startup","status":"publish","type":"page","link":"https:\/\/laccoimbra.adv.br\/advocacia\/direito-startup\/","title":{"rendered":"Direito &#038; Startups"},"content":{"rendered":"\t\t<div data-elementor-type=\"wp-post\" data-elementor-id=\"1160\" class=\"elementor elementor-1160\" data-elementor-settings=\"[]\">\n\t\t\t\t\t\t\t<div class=\"elementor-section-wrap\">\n\t\t\t\t\t\t\t<section class=\"elementor-section elementor-top-section elementor-element elementor-element-945ba98 elementor-section-content-middle elementor-reverse-tablet elementor-reverse-mobile elementor-section-boxed elementor-section-height-default elementor-section-height-default\" data-id=\"945ba98\" data-element_type=\"section\" id=\"dirtech\" data-settings=\"{&quot;background_background&quot;:&quot;classic&quot;}\">\n\t\t\t\t\t\t\t<div class=\"elementor-background-overlay\"><\/div>\n\t\t\t\t\t\t\t<div class=\"elementor-container elementor-column-gap-no\">\n\t\t\t\t\t<div class=\"elementor-column elementor-col-100 elementor-top-column elementor-element elementor-element-062db5c\" data-id=\"062db5c\" data-element_type=\"column\">\n\t\t\t<div class=\"elementor-widget-wrap elementor-element-populated\">\n\t\t\t\t\t\t\t\t<div class=\"elementor-element elementor-element-8a70a1a elementor-widget elementor-widget-heading\" data-id=\"8a70a1a\" data-element_type=\"widget\" data-widget_type=\"heading.default\">\n\t\t\t\t<div class=\"elementor-widget-container\">\n\t\t\t<style>\/*! elementor - v3.5.3 - 28-12-2021 *\/\n.elementor-heading-title{padding:0;margin:0;line-height:1}.elementor-widget-heading .elementor-heading-title[class*=elementor-size-]>a{color:inherit;font-size:inherit;line-height:inherit}.elementor-widget-heading .elementor-heading-title.elementor-size-small{font-size:15px}.elementor-widget-heading .elementor-heading-title.elementor-size-medium{font-size:19px}.elementor-widget-heading .elementor-heading-title.elementor-size-large{font-size:29px}.elementor-widget-heading .elementor-heading-title.elementor-size-xl{font-size:39px}.elementor-widget-heading .elementor-heading-title.elementor-size-xxl{font-size:59px}<\/style><h2 class=\"elementor-heading-title elementor-size-default\">direito digital &amp; startups<\/h2>\t\t<\/div>\n\t\t\t\t<\/div>\n\t\t\t\t<div class=\"elementor-element elementor-element-49c3cd3 elementor-widget-divider--view-line elementor-widget elementor-widget-divider\" data-id=\"49c3cd3\" data-element_type=\"widget\" data-widget_type=\"divider.default\">\n\t\t\t\t<div class=\"elementor-widget-container\">\n\t\t\t<style>\/*! elementor - v3.5.3 - 28-12-2021 *\/\n.elementor-widget-divider{--divider-border-style:none;--divider-border-width:1px;--divider-color:#2c2c2c;--divider-icon-size:20px;--divider-element-spacing:10px;--divider-pattern-height:24px;--divider-pattern-size:20px;--divider-pattern-url:none;--divider-pattern-repeat:repeat-x}.elementor-widget-divider .elementor-divider{display:-webkit-box;display:-ms-flexbox;display:flex}.elementor-widget-divider .elementor-divider__text{font-size:15px;line-height:1;max-width:95%}.elementor-widget-divider .elementor-divider__element{margin:0 var(--divider-element-spacing);-ms-flex-negative:0;flex-shrink:0}.elementor-widget-divider .elementor-icon{font-size:var(--divider-icon-size)}.elementor-widget-divider .elementor-divider-separator{display:-webkit-box;display:-ms-flexbox;display:flex;margin:0;direction:ltr}.elementor-widget-divider--view-line_icon .elementor-divider-separator,.elementor-widget-divider--view-line_text .elementor-divider-separator{-webkit-box-align:center;-ms-flex-align:center;align-items:center}.elementor-widget-divider--view-line_icon .elementor-divider-separator:after,.elementor-widget-divider--view-line_icon .elementor-divider-separator:before,.elementor-widget-divider--view-line_text .elementor-divider-separator:after,.elementor-widget-divider--view-line_text .elementor-divider-separator:before{display:block;content:\"\";border-bottom:0;-webkit-box-flex:1;-ms-flex-positive:1;flex-grow:1;border-top:var(--divider-border-width) var(--divider-border-style) var(--divider-color)}.elementor-widget-divider--element-align-left .elementor-divider .elementor-divider-separator>.elementor-divider__svg:first-of-type{-webkit-box-flex:0;-ms-flex-positive:0;flex-grow:0;-ms-flex-negative:100;flex-shrink:100}.elementor-widget-divider--element-align-left .elementor-divider-separator:before{content:none}.elementor-widget-divider--element-align-left .elementor-divider__element{margin-left:0}.elementor-widget-divider--element-align-right .elementor-divider .elementor-divider-separator>.elementor-divider__svg:last-of-type{-webkit-box-flex:0;-ms-flex-positive:0;flex-grow:0;-ms-flex-negative:100;flex-shrink:100}.elementor-widget-divider--element-align-right .elementor-divider-separator:after{content:none}.elementor-widget-divider--element-align-right .elementor-divider__element{margin-right:0}.elementor-widget-divider:not(.elementor-widget-divider--view-line_text):not(.elementor-widget-divider--view-line_icon) .elementor-divider-separator{border-top:var(--divider-border-width) var(--divider-border-style) var(--divider-color)}.elementor-widget-divider--separator-type-pattern{--divider-border-style:none}.elementor-widget-divider--separator-type-pattern.elementor-widget-divider--view-line .elementor-divider-separator,.elementor-widget-divider--separator-type-pattern:not(.elementor-widget-divider--view-line) .elementor-divider-separator:after,.elementor-widget-divider--separator-type-pattern:not(.elementor-widget-divider--view-line) .elementor-divider-separator:before,.elementor-widget-divider--separator-type-pattern:not([class*=elementor-widget-divider--view]) .elementor-divider-separator{width:100%;min-height:var(--divider-pattern-height);-webkit-mask-size:var(--divider-pattern-size) 100%;mask-size:var(--divider-pattern-size) 100%;-webkit-mask-repeat:var(--divider-pattern-repeat);mask-repeat:var(--divider-pattern-repeat);background-color:var(--divider-color);-webkit-mask-image:var(--divider-pattern-url);mask-image:var(--divider-pattern-url)}.elementor-widget-divider--no-spacing{--divider-pattern-size:auto}.elementor-widget-divider--bg-round{--divider-pattern-repeat:round}.rtl .elementor-widget-divider .elementor-divider__text{direction:rtl}<\/style>\t\t<div class=\"elementor-divider\">\n\t\t\t<span class=\"elementor-divider-separator\">\n\t\t\t\t\t\t<\/span>\n\t\t<\/div>\n\t\t\t\t<\/div>\n\t\t\t\t<\/div>\n\t\t\t\t\t<\/div>\n\t\t<\/div>\n\t\t\t\t\t\t\t<\/div>\n\t\t<\/section>\n\t\t\t\t<section class=\"elementor-section elementor-top-section elementor-element elementor-element-dfbb738 elementor-section-content-top elementor-section-boxed elementor-section-height-default elementor-section-height-default\" data-id=\"dfbb738\" data-element_type=\"section\" data-settings=\"{&quot;background_background&quot;:&quot;slideshow&quot;,&quot;background_slideshow_gallery&quot;:[],&quot;background_slideshow_loop&quot;:&quot;yes&quot;,&quot;background_slideshow_slide_duration&quot;:5000,&quot;background_slideshow_slide_transition&quot;:&quot;fade&quot;,&quot;background_slideshow_transition_duration&quot;:500}\">\n\t\t\t\t\t\t\t<div class=\"elementor-background-overlay\"><\/div>\n\t\t\t\t\t\t\t<div class=\"elementor-container elementor-column-gap-no\">\n\t\t\t\t\t<div class=\"elementor-column elementor-col-100 elementor-top-column elementor-element elementor-element-a00996a\" data-id=\"a00996a\" data-element_type=\"column\">\n\t\t\t<div class=\"elementor-widget-wrap elementor-element-populated\">\n\t\t\t\t\t\t\t\t<div class=\"elementor-element elementor-element-96a79f2 elementor-widget-divider--view-line elementor-widget elementor-widget-divider\" data-id=\"96a79f2\" data-element_type=\"widget\" data-widget_type=\"divider.default\">\n\t\t\t\t<div class=\"elementor-widget-container\">\n\t\t\t\t\t<div class=\"elementor-divider\">\n\t\t\t<span class=\"elementor-divider-separator\">\n\t\t\t\t\t\t<\/span>\n\t\t<\/div>\n\t\t\t\t<\/div>\n\t\t\t\t<\/div>\n\t\t\t\t<section class=\"elementor-section elementor-inner-section elementor-element elementor-element-90956de elementor-section-content-top elementor-section-boxed elementor-section-height-default elementor-section-height-default\" data-id=\"90956de\" data-element_type=\"section\">\n\t\t\t\t\t\t<div class=\"elementor-container elementor-column-gap-no\">\n\t\t\t\t\t<div class=\"elementor-column elementor-col-50 elementor-inner-column elementor-element elementor-element-75e1b0e\" data-id=\"75e1b0e\" data-element_type=\"column\">\n\t\t\t<div class=\"elementor-widget-wrap elementor-element-populated\">\n\t\t\t\t\t\t\t\t<div class=\"elementor-element elementor-element-c156c25 elementor-widget elementor-widget-image\" data-id=\"c156c25\" data-element_type=\"widget\" data-widget_type=\"image.default\">\n\t\t\t\t<div class=\"elementor-widget-container\">\n\t\t\t<style>\/*! elementor - v3.5.3 - 28-12-2021 *\/\n.elementor-widget-image{text-align:center}.elementor-widget-image a{display:inline-block}.elementor-widget-image a img[src$=\".svg\"]{width:48px}.elementor-widget-image img{vertical-align:middle;display:inline-block}<\/style>\t\t\t\t\t\t\t\t\t\t\t\t<img src=\"https:\/\/laccoimbra.adv.br\/advocacia\/wp-content\/uploads\/2022\/01\/02c-ImgCallPageDig-5.jpg\" title=\"02c-ImgCallPageDig\" alt=\"02c-ImgCallPageDig\" \/>\t\t\t\t\t\t\t\t\t\t\t\t\t\t\t<\/div>\n\t\t\t\t<\/div>\n\t\t\t\t<div class=\"elementor-element elementor-element-4936117 elementor-widget-divider--view-line elementor-widget elementor-widget-divider\" data-id=\"4936117\" data-element_type=\"widget\" data-widget_type=\"divider.default\">\n\t\t\t\t<div class=\"elementor-widget-container\">\n\t\t\t\t\t<div class=\"elementor-divider\">\n\t\t\t<span class=\"elementor-divider-separator\">\n\t\t\t\t\t\t<\/span>\n\t\t<\/div>\n\t\t\t\t<\/div>\n\t\t\t\t<\/div>\n\t\t\t\t<div class=\"elementor-element elementor-element-502e062 elementor-widget elementor-widget-heading\" data-id=\"502e062\" data-element_type=\"widget\" data-widget_type=\"heading.default\">\n\t\t\t\t<div class=\"elementor-widget-container\">\n\t\t\t<h6 class=\"elementor-heading-title elementor-size-default\">lgpd, LEI GERAL DE PROTE\u00c7\u00c3O DE DADOS (13.709\/2018) TEM COMO PRINCIPAL OBJETIVO PROTEGER OS DIREITOS FUNDAMENTAIS DE LIBERDADE E DE PRIVACIDADE E O LIVRE DESENVOLVIMENTO DA PERSONALIDADE DA PESSOA NATURAL. ESCLARECE AINDA QUE TODOS OS DADOS TRATADOS, TANTO NO MEIO F\u00cdSICO QUANTO NO DIGITAL, EST\u00c3O SUJEITOS \u00c0 REGULA\u00c7\u00c3O.<\/h6>\t\t<\/div>\n\t\t\t\t<\/div>\n\t\t\t\t\t<\/div>\n\t\t<\/div>\n\t\t\t\t<div class=\"elementor-column elementor-col-50 elementor-inner-column elementor-element elementor-element-ea5956f\" data-id=\"ea5956f\" data-element_type=\"column\">\n\t\t\t<div class=\"elementor-widget-wrap elementor-element-populated\">\n\t\t\t\t\t\t\t\t<div class=\"elementor-element elementor-element-a34eff5 elementor-widget elementor-widget-heading\" data-id=\"a34eff5\" data-element_type=\"widget\" data-widget_type=\"heading.default\">\n\t\t\t\t<div class=\"elementor-widget-container\">\n\t\t\t<h4 class=\"elementor-heading-title elementor-size-default\">a inova\u00e7\u00e3o e o direito<\/h4>\t\t<\/div>\n\t\t\t\t<\/div>\n\t\t\t\t<div class=\"elementor-element elementor-element-1872833 elementor-drop-cap-yes elementor-drop-cap-view-default elementor-widget elementor-widget-text-editor\" data-id=\"1872833\" data-element_type=\"widget\" data-settings=\"{&quot;drop_cap&quot;:&quot;yes&quot;}\" data-widget_type=\"text-editor.default\">\n\t\t\t\t<div class=\"elementor-widget-container\">\n\t\t\t<style>\/*! elementor - v3.5.3 - 28-12-2021 *\/\n.elementor-widget-text-editor.elementor-drop-cap-view-stacked .elementor-drop-cap{background-color:#818a91;color:#fff}.elementor-widget-text-editor.elementor-drop-cap-view-framed .elementor-drop-cap{color:#818a91;border:3px solid;background-color:transparent}.elementor-widget-text-editor:not(.elementor-drop-cap-view-default) .elementor-drop-cap{margin-top:8px}.elementor-widget-text-editor:not(.elementor-drop-cap-view-default) .elementor-drop-cap-letter{width:1em;height:1em}.elementor-widget-text-editor .elementor-drop-cap{float:left;text-align:center;line-height:1;font-size:50px}.elementor-widget-text-editor .elementor-drop-cap-letter{display:inline-block}<\/style>\t\t\t\t<p data-start=\"301\" data-end=\"641\">A inova\u00e7\u00e3o constitui a principal for\u00e7a motriz do Direito Digital. O acelerado avan\u00e7o tecnol\u00f3gico observado nas \u00faltimas d\u00e9cadas tem reconfigurado a sociedade, os modelos de neg\u00f3cio e, consequentemente, as rela\u00e7\u00f5es jur\u00eddicas, impondo ao sistema jur\u00eddico o desafio permanente de delimitar, regular e conferir seguran\u00e7a a essas novas din\u00e2micas.<\/p>\n<p data-start=\"643\" data-end=\"1038\">\u00c9 nesse contexto que se consolida o Direito Digital, impulsionado tanto pela cria\u00e7\u00e3o de novos diplomas legais voltados \u00e0 regula\u00e7\u00e3o do ambiente tecnol\u00f3gico \u2014 como o Marco Civil da Internet, a Lei Geral de Prote\u00e7\u00e3o de Dados Pessoais (LGPD) e o marco normativo das startups \u2014 quanto pela necessidade de interpretar e aplicar o Direito a partir de fatos digitais complexos e frequentemente in\u00e9ditos.<\/p>\n<p data-start=\"1040\" data-end=\"1431\">A atua\u00e7\u00e3o jur\u00eddica nesse campo exige mais do que o dom\u00ednio do ordenamento jur\u00eddico. Torna-se indispens\u00e1vel a <strong data-start=\"1149\" data-end=\"1188\">compreens\u00e3o t\u00e9cnica do fato digital<\/strong>, de sua l\u00f3gica de funcionamento e de seus impactos pr\u00e1ticos, para que seja poss\u00edvel promover a adequada qualifica\u00e7\u00e3o jur\u00eddica das situa\u00e7\u00f5es concretas. Sem esse entendimento, a aplica\u00e7\u00e3o do Direito torna-se imprecisa e, muitas vezes, ineficaz.<\/p>\n<p data-start=\"1433\" data-end=\"1836\">O ecossistema de startups exemplifica com clareza esse cen\u00e1rio. Neg\u00f3cios baseados em inova\u00e7\u00e3o operam, n\u00e3o raras vezes, em zonas regulat\u00f3rias em constru\u00e7\u00e3o, nas quais condutas empresariais leg\u00edtimas ainda carecem de diretrizes normativas claras ou de consolida\u00e7\u00e3o jurisprudencial. Nesse ambiente, a atua\u00e7\u00e3o jur\u00eddica deve ser preventiva, estruturante e estrategicamente orientada \u00e0 viabilidade do neg\u00f3cio.<\/p>\n<p data-start=\"1838\" data-end=\"2180\">No campo do Direito Digital, tamb\u00e9m emergem desafios relevantes nas esferas civil, empresarial e penal, envolvendo temas como a responsabiliza\u00e7\u00e3o por conte\u00fados digitais, a prote\u00e7\u00e3o da intimidade, a circula\u00e7\u00e3o de dados pessoais, a territorialidade da aplica\u00e7\u00e3o da lei e a efetividade das normas em ambientes descentralizados ou transnacionais.<\/p>\n<p data-start=\"2182\" data-end=\"2483\">A LGPD, por exemplo, estabelece regras para o tratamento de dados pessoais, mas sua aplica\u00e7\u00e3o pr\u00e1tica demanda an\u00e1lise t\u00e9cnica sobre fluxos de informa\u00e7\u00e3o, agentes de tratamento, plataformas tecnol\u00f3gicas e modelos de monetiza\u00e7\u00e3o de dados, sob pena de responsabiliza\u00e7\u00f5es indevidas ou lacunas de prote\u00e7\u00e3o.<\/p>\n<p data-start=\"2485\" data-end=\"2842\">De igual modo, os modelos de neg\u00f3cios inovadores imp\u00f5em a necessidade de <strong data-start=\"2558\" data-end=\"2600\">contratos espec\u00edficos e personalizados<\/strong>, adequados \u00e0 realidade digital, abrangendo rela\u00e7\u00f5es de trabalho, plataformas, com\u00e9rcio eletr\u00f4nico, mobilidade, log\u00edstica e presta\u00e7\u00e3o de servi\u00e7os digitais. A assessoria jur\u00eddica preventiva assume papel central na estrutura\u00e7\u00e3o dessas rela\u00e7\u00f5es.<\/p><p data-start=\"2485\" data-end=\"2842\"><span style=\"font-style: inherit; font-weight: inherit; background-color: var(--ast-global-color-4); color: var(--ast-global-color-3);\">O Direito Digital, portanto, n\u00e3o se limita \u00e0 consolida\u00e7\u00e3o normativa. Ele exige a imers\u00e3o no ambiente tecnol\u00f3gico para compreender as intera\u00e7\u00f5es entre o mundo virtual e o mundo real. Nesse contexto, Direito e Tecnologia deixam de ser campos apartados e passam a integrar um <\/span><strong data-start=\"3117\" data-end=\"3151\" style=\"font-style: inherit; background-color: var(--ast-global-color-4); color: var(--ast-global-color-3);\">mesmo dom\u00ednio interdisciplinar<\/strong><span style=\"font-style: inherit; font-weight: inherit; background-color: var(--ast-global-color-4); color: var(--ast-global-color-3);\">, indispens\u00e1vel \u00e0 inova\u00e7\u00e3o respons\u00e1vel e juridicamente segura.<\/span><\/p>\t\t\t\t\t\t<\/div>\n\t\t\t\t<\/div>\n\t\t\t\t\t<\/div>\n\t\t<\/div>\n\t\t\t\t\t\t\t<\/div>\n\t\t<\/section>\n\t\t\t\t<div class=\"elementor-element elementor-element-4dd7b08 elementor-align-center elementor-widget elementor-widget-button\" data-id=\"4dd7b08\" data-element_type=\"widget\" data-widget_type=\"button.default\">\n\t\t\t\t<div class=\"elementor-widget-container\">\n\t\t\t\t\t<div class=\"elementor-button-wrapper\">\n\t\t\t<a href=\"https:\/\/laccoimbra.adv.br\/advocacia\/\" class=\"elementor-button-link elementor-button elementor-size-xs elementor-animation-shrink\" role=\"button\">\n\t\t\t\t\t\t<span class=\"elementor-button-content-wrapper\">\n\t\t\t\t\t\t<span class=\"elementor-button-icon elementor-align-icon-right\">\n\t\t\t\t<i aria-hidden=\"true\" class=\"fas fa-reply\"><\/i>\t\t\t<\/span>\n\t\t\t\t\t\t<span class=\"elementor-button-text\">Voltar<\/span>\n\t\t<\/span>\n\t\t\t\t\t<\/a>\n\t\t<\/div>\n\t\t\t\t<\/div>\n\t\t\t\t<\/div>\n\t\t\t\t\t<\/div>\n\t\t<\/div>\n\t\t\t\t\t\t\t<\/div>\n\t\t<\/section>\n\t\t\t\t\t\t<\/div>\n\t\t\t\t\t<\/div>\n\t\t","protected":false},"excerpt":{"rendered":"<p>direito digital &amp; startups lgpd, LEI GERAL DE PROTE\u00c7\u00c3O DE DADOS (13.709\/2018) TEM COMO PRINCIPAL OBJETIVO PROTEGER OS DIREITOS FUNDAMENTAIS DE LIBERDADE E DE PRIVACIDADE E O LIVRE DESENVOLVIMENTO DA PERSONALIDADE DA PESSOA NATURAL. ESCLARECE AINDA QUE TODOS OS DADOS TRATADOS, TANTO NO MEIO F\u00cdSICO QUANTO NO DIGITAL, EST\u00c3O SUJEITOS \u00c0 REGULA\u00c7\u00c3O. a inova\u00e7\u00e3o e &hellip;<\/p>\n<p class=\"read-more\"> <a class=\"\" href=\"https:\/\/laccoimbra.adv.br\/advocacia\/direito-startup\/\"> <span class=\"screen-reader-text\">Direito &#038; Startups<\/span> Leia mais &raquo;<\/a><\/p>\n","protected":false},"author":1,"featured_media":0,"parent":0,"menu_order":0,"comment_status":"closed","ping_status":"closed","template":"","meta":{"site-sidebar-layout":"no-sidebar","site-content-layout":"page-builder","ast-main-header-display":"","ast-hfb-above-header-display":"","ast-hfb-below-header-display":"","ast-hfb-mobile-header-display":"","site-post-title":"disabled","ast-breadcrumbs-content":"disabled","ast-featured-img":"disabled","footer-sml-layout":"","theme-transparent-header-meta":"enabled","adv-header-id-meta":"","stick-header-meta":"","header-above-stick-meta":"","header-main-stick-meta":"","header-below-stick-meta":""},"_links":{"self":[{"href":"https:\/\/laccoimbra.adv.br\/advocacia\/wp-json\/wp\/v2\/pages\/1160"}],"collection":[{"href":"https:\/\/laccoimbra.adv.br\/advocacia\/wp-json\/wp\/v2\/pages"}],"about":[{"href":"https:\/\/laccoimbra.adv.br\/advocacia\/wp-json\/wp\/v2\/types\/page"}],"author":[{"embeddable":true,"href":"https:\/\/laccoimbra.adv.br\/advocacia\/wp-json\/wp\/v2\/users\/1"}],"replies":[{"embeddable":true,"href":"https:\/\/laccoimbra.adv.br\/advocacia\/wp-json\/wp\/v2\/comments?post=1160"}],"version-history":[{"count":143,"href":"https:\/\/laccoimbra.adv.br\/advocacia\/wp-json\/wp\/v2\/pages\/1160\/revisions"}],"predecessor-version":[{"id":2223,"href":"https:\/\/laccoimbra.adv.br\/advocacia\/wp-json\/wp\/v2\/pages\/1160\/revisions\/2223"}],"wp:attachment":[{"href":"https:\/\/laccoimbra.adv.br\/advocacia\/wp-json\/wp\/v2\/media?parent=1160"}],"curies":[{"name":"wp","href":"https:\/\/api.w.org\/{rel}","templated":true}]}}