{"id":14,"date":"2019-04-02T02:29:08","date_gmt":"2019-04-02T05:29:08","guid":{"rendered":"http:\/\/localhost\/01-iustech\/wordpress\/about-us\/"},"modified":"2026-01-16T17:35:36","modified_gmt":"2026-01-16T21:35:36","slug":"consultoria","status":"publish","type":"page","link":"https:\/\/laccoimbra.adv.br\/advocacia\/consultoria\/","title":{"rendered":"Consultoria Empresarial"},"content":{"rendered":"\t\t<div data-elementor-type=\"wp-post\" data-elementor-id=\"14\" class=\"elementor elementor-14\" data-elementor-settings=\"[]\">\n\t\t\t\t\t\t\t<div class=\"elementor-section-wrap\">\n\t\t\t\t\t\t\t<section class=\"elementor-section elementor-top-section elementor-element elementor-element-945ba98 elementor-section-content-middle elementor-reverse-tablet elementor-reverse-mobile elementor-section-boxed elementor-section-height-default elementor-section-height-default\" data-id=\"945ba98\" data-element_type=\"section\" id=\"dirtech\" data-settings=\"{&quot;background_background&quot;:&quot;classic&quot;}\">\n\t\t\t\t\t\t\t<div class=\"elementor-background-overlay\"><\/div>\n\t\t\t\t\t\t\t<div class=\"elementor-container elementor-column-gap-no\">\n\t\t\t\t\t<div class=\"elementor-column elementor-col-100 elementor-top-column elementor-element elementor-element-062db5c\" data-id=\"062db5c\" data-element_type=\"column\">\n\t\t\t<div class=\"elementor-widget-wrap elementor-element-populated\">\n\t\t\t\t\t\t\t\t<div class=\"elementor-element elementor-element-8a70a1a elementor-widget elementor-widget-heading\" data-id=\"8a70a1a\" data-element_type=\"widget\" data-widget_type=\"heading.default\">\n\t\t\t\t<div class=\"elementor-widget-container\">\n\t\t\t<style>\/*! elementor - v3.5.3 - 28-12-2021 *\/\n.elementor-heading-title{padding:0;margin:0;line-height:1}.elementor-widget-heading .elementor-heading-title[class*=elementor-size-]>a{color:inherit;font-size:inherit;line-height:inherit}.elementor-widget-heading .elementor-heading-title.elementor-size-small{font-size:15px}.elementor-widget-heading .elementor-heading-title.elementor-size-medium{font-size:19px}.elementor-widget-heading .elementor-heading-title.elementor-size-large{font-size:29px}.elementor-widget-heading .elementor-heading-title.elementor-size-xl{font-size:39px}.elementor-widget-heading .elementor-heading-title.elementor-size-xxl{font-size:59px}<\/style><h2 class=\"elementor-heading-title elementor-size-default\">consultoria empresarial<\/h2>\t\t<\/div>\n\t\t\t\t<\/div>\n\t\t\t\t<div class=\"elementor-element elementor-element-49c3cd3 elementor-widget-divider--view-line elementor-widget elementor-widget-divider\" data-id=\"49c3cd3\" data-element_type=\"widget\" data-widget_type=\"divider.default\">\n\t\t\t\t<div class=\"elementor-widget-container\">\n\t\t\t<style>\/*! elementor - v3.5.3 - 28-12-2021 *\/\n.elementor-widget-divider{--divider-border-style:none;--divider-border-width:1px;--divider-color:#2c2c2c;--divider-icon-size:20px;--divider-element-spacing:10px;--divider-pattern-height:24px;--divider-pattern-size:20px;--divider-pattern-url:none;--divider-pattern-repeat:repeat-x}.elementor-widget-divider .elementor-divider{display:-webkit-box;display:-ms-flexbox;display:flex}.elementor-widget-divider .elementor-divider__text{font-size:15px;line-height:1;max-width:95%}.elementor-widget-divider .elementor-divider__element{margin:0 var(--divider-element-spacing);-ms-flex-negative:0;flex-shrink:0}.elementor-widget-divider .elementor-icon{font-size:var(--divider-icon-size)}.elementor-widget-divider .elementor-divider-separator{display:-webkit-box;display:-ms-flexbox;display:flex;margin:0;direction:ltr}.elementor-widget-divider--view-line_icon .elementor-divider-separator,.elementor-widget-divider--view-line_text .elementor-divider-separator{-webkit-box-align:center;-ms-flex-align:center;align-items:center}.elementor-widget-divider--view-line_icon .elementor-divider-separator:after,.elementor-widget-divider--view-line_icon .elementor-divider-separator:before,.elementor-widget-divider--view-line_text .elementor-divider-separator:after,.elementor-widget-divider--view-line_text .elementor-divider-separator:before{display:block;content:\"\";border-bottom:0;-webkit-box-flex:1;-ms-flex-positive:1;flex-grow:1;border-top:var(--divider-border-width) var(--divider-border-style) var(--divider-color)}.elementor-widget-divider--element-align-left .elementor-divider .elementor-divider-separator>.elementor-divider__svg:first-of-type{-webkit-box-flex:0;-ms-flex-positive:0;flex-grow:0;-ms-flex-negative:100;flex-shrink:100}.elementor-widget-divider--element-align-left .elementor-divider-separator:before{content:none}.elementor-widget-divider--element-align-left .elementor-divider__element{margin-left:0}.elementor-widget-divider--element-align-right .elementor-divider .elementor-divider-separator>.elementor-divider__svg:last-of-type{-webkit-box-flex:0;-ms-flex-positive:0;flex-grow:0;-ms-flex-negative:100;flex-shrink:100}.elementor-widget-divider--element-align-right .elementor-divider-separator:after{content:none}.elementor-widget-divider--element-align-right .elementor-divider__element{margin-right:0}.elementor-widget-divider:not(.elementor-widget-divider--view-line_text):not(.elementor-widget-divider--view-line_icon) .elementor-divider-separator{border-top:var(--divider-border-width) var(--divider-border-style) var(--divider-color)}.elementor-widget-divider--separator-type-pattern{--divider-border-style:none}.elementor-widget-divider--separator-type-pattern.elementor-widget-divider--view-line .elementor-divider-separator,.elementor-widget-divider--separator-type-pattern:not(.elementor-widget-divider--view-line) .elementor-divider-separator:after,.elementor-widget-divider--separator-type-pattern:not(.elementor-widget-divider--view-line) .elementor-divider-separator:before,.elementor-widget-divider--separator-type-pattern:not([class*=elementor-widget-divider--view]) .elementor-divider-separator{width:100%;min-height:var(--divider-pattern-height);-webkit-mask-size:var(--divider-pattern-size) 100%;mask-size:var(--divider-pattern-size) 100%;-webkit-mask-repeat:var(--divider-pattern-repeat);mask-repeat:var(--divider-pattern-repeat);background-color:var(--divider-color);-webkit-mask-image:var(--divider-pattern-url);mask-image:var(--divider-pattern-url)}.elementor-widget-divider--no-spacing{--divider-pattern-size:auto}.elementor-widget-divider--bg-round{--divider-pattern-repeat:round}.rtl .elementor-widget-divider .elementor-divider__text{direction:rtl}<\/style>\t\t<div class=\"elementor-divider\">\n\t\t\t<span class=\"elementor-divider-separator\">\n\t\t\t\t\t\t<\/span>\n\t\t<\/div>\n\t\t\t\t<\/div>\n\t\t\t\t<\/div>\n\t\t\t\t\t<\/div>\n\t\t<\/div>\n\t\t\t\t\t\t\t<\/div>\n\t\t<\/section>\n\t\t\t\t<section class=\"elementor-section elementor-top-section elementor-element elementor-element-dfbb738 elementor-section-content-top elementor-section-boxed elementor-section-height-default elementor-section-height-default\" data-id=\"dfbb738\" data-element_type=\"section\" data-settings=\"{&quot;background_background&quot;:&quot;slideshow&quot;,&quot;background_slideshow_gallery&quot;:[],&quot;background_slideshow_loop&quot;:&quot;yes&quot;,&quot;background_slideshow_slide_duration&quot;:5000,&quot;background_slideshow_slide_transition&quot;:&quot;fade&quot;,&quot;background_slideshow_transition_duration&quot;:500}\">\n\t\t\t\t\t\t\t<div class=\"elementor-background-overlay\"><\/div>\n\t\t\t\t\t\t\t<div class=\"elementor-container elementor-column-gap-no\">\n\t\t\t\t\t<div class=\"elementor-column elementor-col-100 elementor-top-column elementor-element elementor-element-a00996a\" data-id=\"a00996a\" data-element_type=\"column\">\n\t\t\t<div class=\"elementor-widget-wrap elementor-element-populated\">\n\t\t\t\t\t\t\t\t<div class=\"elementor-element elementor-element-96a79f2 elementor-widget-divider--view-line elementor-widget elementor-widget-divider\" data-id=\"96a79f2\" data-element_type=\"widget\" data-widget_type=\"divider.default\">\n\t\t\t\t<div class=\"elementor-widget-container\">\n\t\t\t\t\t<div class=\"elementor-divider\">\n\t\t\t<span class=\"elementor-divider-separator\">\n\t\t\t\t\t\t<\/span>\n\t\t<\/div>\n\t\t\t\t<\/div>\n\t\t\t\t<\/div>\n\t\t\t\t<section class=\"elementor-section elementor-inner-section elementor-element elementor-element-90956de elementor-section-content-top elementor-section-boxed elementor-section-height-default elementor-section-height-default\" data-id=\"90956de\" data-element_type=\"section\">\n\t\t\t\t\t\t<div class=\"elementor-container elementor-column-gap-no\">\n\t\t\t\t\t<div class=\"elementor-column elementor-col-50 elementor-inner-column elementor-element elementor-element-75e1b0e\" data-id=\"75e1b0e\" data-element_type=\"column\">\n\t\t\t<div class=\"elementor-widget-wrap elementor-element-populated\">\n\t\t\t\t\t\t\t\t<div class=\"elementor-element elementor-element-c156c25 elementor-widget elementor-widget-image\" data-id=\"c156c25\" data-element_type=\"widget\" data-widget_type=\"image.default\">\n\t\t\t\t<div class=\"elementor-widget-container\">\n\t\t\t<style>\/*! elementor - v3.5.3 - 28-12-2021 *\/\n.elementor-widget-image{text-align:center}.elementor-widget-image a{display:inline-block}.elementor-widget-image a img[src$=\".svg\"]{width:48px}.elementor-widget-image img{vertical-align:middle;display:inline-block}<\/style>\t\t\t\t\t\t\t\t\t\t\t\t<img width=\"500\" height=\"182\" src=\"https:\/\/laccoimbra.adv.br\/advocacia\/wp-content\/uploads\/2021\/12\/ImgCallPageConsul.jpg\" class=\"attachment-full size-full\" alt=\"\" loading=\"lazy\" \/>\t\t\t\t\t\t\t\t\t\t\t\t\t\t\t<\/div>\n\t\t\t\t<\/div>\n\t\t\t\t<div class=\"elementor-element elementor-element-c3914db elementor-widget-divider--view-line elementor-widget elementor-widget-divider\" data-id=\"c3914db\" data-element_type=\"widget\" data-widget_type=\"divider.default\">\n\t\t\t\t<div class=\"elementor-widget-container\">\n\t\t\t\t\t<div class=\"elementor-divider\">\n\t\t\t<span class=\"elementor-divider-separator\">\n\t\t\t\t\t\t<\/span>\n\t\t<\/div>\n\t\t\t\t<\/div>\n\t\t\t\t<\/div>\n\t\t\t\t<div class=\"elementor-element elementor-element-f449c37 elementor-widget elementor-widget-heading\" data-id=\"f449c37\" data-element_type=\"widget\" data-widget_type=\"heading.default\">\n\t\t\t\t<div class=\"elementor-widget-container\">\n\t\t\t<h6 class=\"elementor-heading-title elementor-size-default\">A consultoria \u00e9 um servi\u00e7o de aconselhamento especializado, realizado por especialistas em determinada \u00e1rea, que orientam o cliente de forma a ajud\u00e1-lo a atingir seus objetivos.<\/h6>\t\t<\/div>\n\t\t\t\t<\/div>\n\t\t\t\t\t<\/div>\n\t\t<\/div>\n\t\t\t\t<div class=\"elementor-column elementor-col-50 elementor-inner-column elementor-element elementor-element-ea5956f\" data-id=\"ea5956f\" data-element_type=\"column\">\n\t\t\t<div class=\"elementor-widget-wrap elementor-element-populated\">\n\t\t\t\t\t\t\t\t<div class=\"elementor-element elementor-element-a34eff5 elementor-widget elementor-widget-heading\" data-id=\"a34eff5\" data-element_type=\"widget\" data-widget_type=\"heading.default\">\n\t\t\t\t<div class=\"elementor-widget-container\">\n\t\t\t<h4 class=\"elementor-heading-title elementor-size-default\">uma VIS\u00c3O T\u00c9CNICA E ESTRUTURADA DO NEg\u00d3CIO<\/h4>\t\t<\/div>\n\t\t\t\t<\/div>\n\t\t\t\t<div class=\"elementor-element elementor-element-1872833 elementor-drop-cap-yes elementor-drop-cap-view-default elementor-widget elementor-widget-text-editor\" data-id=\"1872833\" data-element_type=\"widget\" data-settings=\"{&quot;drop_cap&quot;:&quot;yes&quot;}\" data-widget_type=\"text-editor.default\">\n\t\t\t\t<div class=\"elementor-widget-container\">\n\t\t\t<style>\/*! elementor - v3.5.3 - 28-12-2021 *\/\n.elementor-widget-text-editor.elementor-drop-cap-view-stacked .elementor-drop-cap{background-color:#818a91;color:#fff}.elementor-widget-text-editor.elementor-drop-cap-view-framed .elementor-drop-cap{color:#818a91;border:3px solid;background-color:transparent}.elementor-widget-text-editor:not(.elementor-drop-cap-view-default) .elementor-drop-cap{margin-top:8px}.elementor-widget-text-editor:not(.elementor-drop-cap-view-default) .elementor-drop-cap-letter{width:1em;height:1em}.elementor-widget-text-editor .elementor-drop-cap{float:left;text-align:center;line-height:1;font-size:50px}.elementor-widget-text-editor .elementor-drop-cap-letter{display:inline-block}<\/style>\t\t\t\t<p data-start=\"332\" data-end=\"600\">A consultoria empresarial tem por finalidade <strong data-start=\"377\" data-end=\"433\">analisar e estruturar o funcionamento da organiza\u00e7\u00e3o<\/strong>, aprimorando processos, organizando fluxos de informa\u00e7\u00e3o e apoiando a tomada de decis\u00f5es estrat\u00e9gicas, com foco em efici\u00eancia, controle e sustentabilidade do neg\u00f3cio.<\/p><p data-start=\"602\" data-end=\"923\">\u00c9 comum que empresas mantenham modelos operacionais concebidos em fases iniciais de sua atividade, que se tornam inadequados \u00e0 medida que o volume de opera\u00e7\u00f5es, pessoas e informa\u00e7\u00f5es cresce. Quando n\u00e3o h\u00e1 adapta\u00e7\u00e3o estrutural, surgem gargalos administrativos e gerenciais que comprometem o desempenho e a competitividade.<\/p><p data-start=\"925\" data-end=\"1168\">A atua\u00e7\u00e3o consultiva incide justamente nesse ponto: <strong data-start=\"977\" data-end=\"1089\">diagnosticar falhas, reorganizar processos e alinhar a estrutura organizacional \u00e0 realidade atual do mercado<\/strong>, considerando a evolu\u00e7\u00e3o tecnol\u00f3gica e as exig\u00eancias contempor\u00e2neas de gest\u00e3o.<\/p><p data-start=\"1170\" data-end=\"1462\">Essa experi\u00eancia foi consolidada ao longo de anos de atua\u00e7\u00e3o no ambiente empresarial, especialmente em projetos de <strong data-start=\"1285\" data-end=\"1356\">estrutura\u00e7\u00e3o de processos e implanta\u00e7\u00e3o de sistemas de gest\u00e3o (ERP)<\/strong>, nos quais a organiza\u00e7\u00e3o pr\u00e9via da informa\u00e7\u00e3o se mostrou condi\u00e7\u00e3o essencial para resultados consistentes.<\/p><p data-start=\"1170\" data-end=\"1462\"><span style=\"font-style: inherit; font-weight: inherit; background-color: var(--ast-global-color-4); color: var(--ast-global-color-3);\">Trata-se de um trabalho t\u00e9cnico, orientado por m\u00e9todo e experi\u00eancia pr\u00e1tica, voltado \u00e0 solu\u00e7\u00e3o de problemas concretos e \u00e0 melhoria cont\u00ednua da organiza\u00e7\u00e3o empresarial. Quando integrada ao <\/span><strong style=\"font-style: inherit; background-color: var(--ast-global-color-4); color: var(--ast-global-color-3);\" data-start=\"1481\" data-end=\"1495\">compliance<\/strong><span style=\"font-style: inherit; font-weight: inherit; background-color: var(--ast-global-color-4); color: var(--ast-global-color-3);\">, a atua\u00e7\u00e3o consultiva permite que a empresa n\u00e3o apenas opere com efici\u00eancia, mas o fa\u00e7a em conformidade com normas legais, regulat\u00f3rias e princ\u00edpios de governan\u00e7a.\u00a0<\/span><\/p><p data-start=\"1464\" data-end=\"1635\">Essa sinergia viabiliza a identifica\u00e7\u00e3o preventiva de riscos, o fortalecimento dos controles internos e a padroniza\u00e7\u00e3o de processos, reduzindo exposi\u00e7\u00f5es jur\u00eddicas e operacionais. O resultado \u00e9 uma organiza\u00e7\u00e3o mais previs\u00edvel, segura em suas decis\u00f5es e institucionalmente confi\u00e1vel, criando bases s\u00f3lidas para um crescimento sustent\u00e1vel e respons\u00e1vel.<\/p>\t\t\t\t\t\t<\/div>\n\t\t\t\t<\/div>\n\t\t\t\t\t<\/div>\n\t\t<\/div>\n\t\t\t\t\t\t\t<\/div>\n\t\t<\/section>\n\t\t\t\t<div class=\"elementor-element elementor-element-b93ca22 elementor-align-center elementor-widget elementor-widget-button\" data-id=\"b93ca22\" data-element_type=\"widget\" data-widget_type=\"button.default\">\n\t\t\t\t<div class=\"elementor-widget-container\">\n\t\t\t\t\t<div class=\"elementor-button-wrapper\">\n\t\t\t<a href=\"https:\/\/laccoimbra.adv.br\/advocacia\/\" class=\"elementor-button-link elementor-button elementor-size-xs elementor-animation-shrink\" role=\"button\">\n\t\t\t\t\t\t<span class=\"elementor-button-content-wrapper\">\n\t\t\t\t\t\t<span class=\"elementor-button-icon elementor-align-icon-right\">\n\t\t\t\t<i aria-hidden=\"true\" class=\"fas fa-reply\"><\/i>\t\t\t<\/span>\n\t\t\t\t\t\t<span class=\"elementor-button-text\">Voltar<\/span>\n\t\t<\/span>\n\t\t\t\t\t<\/a>\n\t\t<\/div>\n\t\t\t\t<\/div>\n\t\t\t\t<\/div>\n\t\t\t\t\t<\/div>\n\t\t<\/div>\n\t\t\t\t\t\t\t<\/div>\n\t\t<\/section>\n\t\t\t\t\t\t<\/div>\n\t\t\t\t\t<\/div>\n\t\t","protected":false},"excerpt":{"rendered":"<p>consultoria empresarial A consultoria \u00e9 um servi\u00e7o de aconselhamento especializado, realizado por especialistas em determinada \u00e1rea, que orientam o cliente de forma a ajud\u00e1-lo a atingir seus objetivos. uma VIS\u00c3O T\u00c9CNICA E ESTRUTURADA DO NEg\u00d3CIO A consultoria empresarial tem por finalidade analisar e estruturar o funcionamento da organiza\u00e7\u00e3o, aprimorando processos, organizando fluxos de informa\u00e7\u00e3o e &hellip;<\/p>\n<p class=\"read-more\"> <a class=\"\" href=\"https:\/\/laccoimbra.adv.br\/advocacia\/consultoria\/\"> <span class=\"screen-reader-text\">Consultoria Empresarial<\/span> Leia mais &raquo;<\/a><\/p>\n","protected":false},"author":1,"featured_media":0,"parent":0,"menu_order":0,"comment_status":"closed","ping_status":"closed","template":"","meta":{"site-sidebar-layout":"no-sidebar","site-content-layout":"page-builder","ast-main-header-display":"","ast-hfb-above-header-display":"","ast-hfb-below-header-display":"","ast-hfb-mobile-header-display":"","site-post-title":"disabled","ast-breadcrumbs-content":"disabled","ast-featured-img":"disabled","footer-sml-layout":"","theme-transparent-header-meta":"enabled","adv-header-id-meta":"","stick-header-meta":"","header-above-stick-meta":"","header-main-stick-meta":"","header-below-stick-meta":""},"_links":{"self":[{"href":"https:\/\/laccoimbra.adv.br\/advocacia\/wp-json\/wp\/v2\/pages\/14"}],"collection":[{"href":"https:\/\/laccoimbra.adv.br\/advocacia\/wp-json\/wp\/v2\/pages"}],"about":[{"href":"https:\/\/laccoimbra.adv.br\/advocacia\/wp-json\/wp\/v2\/types\/page"}],"author":[{"embeddable":true,"href":"https:\/\/laccoimbra.adv.br\/advocacia\/wp-json\/wp\/v2\/users\/1"}],"replies":[{"embeddable":true,"href":"https:\/\/laccoimbra.adv.br\/advocacia\/wp-json\/wp\/v2\/comments?post=14"}],"version-history":[{"count":161,"href":"https:\/\/laccoimbra.adv.br\/advocacia\/wp-json\/wp\/v2\/pages\/14\/revisions"}],"predecessor-version":[{"id":2254,"href":"https:\/\/laccoimbra.adv.br\/advocacia\/wp-json\/wp\/v2\/pages\/14\/revisions\/2254"}],"wp:attachment":[{"href":"https:\/\/laccoimbra.adv.br\/advocacia\/wp-json\/wp\/v2\/media?parent=14"}],"curies":[{"name":"wp","href":"https:\/\/api.w.org\/{rel}","templated":true}]}}